{"id":34,"date":"2025-12-01T09:08:01","date_gmt":"2025-12-01T09:08:01","guid":{"rendered":"http:\/\/lesvoyagesavelodebenoit.fr\/?page_id=34"},"modified":"2026-02-10T10:56:39","modified_gmt":"2026-02-10T10:56:39","slug":"contact","status":"publish","type":"page","link":"https:\/\/lesvoyagesavelodebenoit.fr\/index.php\/contact\/","title":{"rendered":"Contact"},"content":{"rendered":"\n<figure class=\"wp-block-image size-full\"><img loading=\"lazy\" decoding=\"async\" width=\"1280\" height=\"960\" src=\"https:\/\/lesvoyagesavelodebenoit.fr\/wp-content\/uploads\/2026\/01\/Mes-velos-18.jpeg\" alt=\"\" class=\"wp-image-1021\" style=\"aspect-ratio:16\/9;object-fit:cover\" srcset=\"https:\/\/lesvoyagesavelodebenoit.fr\/wp-content\/uploads\/2026\/01\/Mes-velos-18.jpeg 1280w, https:\/\/lesvoyagesavelodebenoit.fr\/wp-content\/uploads\/2026\/01\/Mes-velos-18-300x225.jpeg 300w, https:\/\/lesvoyagesavelodebenoit.fr\/wp-content\/uploads\/2026\/01\/Mes-velos-18-1024x768.jpeg 1024w, https:\/\/lesvoyagesavelodebenoit.fr\/wp-content\/uploads\/2026\/01\/Mes-velos-18-768x576.jpeg 768w, https:\/\/lesvoyagesavelodebenoit.fr\/wp-content\/uploads\/2026\/01\/Mes-velos-18-500x375.jpeg 500w, https:\/\/lesvoyagesavelodebenoit.fr\/wp-content\/uploads\/2026\/01\/Mes-velos-18-800x600.jpeg 800w\" sizes=\"auto, (max-width: 1280px) 100vw, 1280px\" \/><\/figure>\n\n\n\n<p>J\u2019ai cr\u00e9\u00e9 ce site pour partager mes exp\u00e9riences de voyages \u00e0 v\u00e9lo et vous donner un maximum d\u2019informations et de conseils pour que vous fassiez \u00e0 votre tour, tout ou partie de ces voyages. Attention cependant car le risque est de vous spoiler \u00e0 trop vous en dire ou \u00e0 trop vous en montrer notamment avec mes vid\u00e9os. A vous de voir, ou de ne pas voir&nbsp;!&nbsp;<\/p>\n\n\n\n<p>Mon site peut \u00eatre sympa, apr\u00e8s votre propre voyage, pour comparer nos exp\u00e9riences et revoir ce que vous aviez vu ou voir ce que vous n\u2019aviez pas vu. Ce site peut \u00eatre tout simplement divertissant avec notamment mes vid\u00e9os qui sont faites dans ce sens. A titre perso, ce site est un excellent moyen de me souvenir de tous les d\u00e9tails de mes voyages.<\/p>\n\n\n\n<p>Je lirai vos retours, t\u00e9moignages et questions avec la plus grande attention.<\/p>\n\n\n\n<hr class=\"wp-block-separator has-text-color has-ti-accent-secondary-color has-alpha-channel-opacity has-ti-accent-secondary-background-color has-background is-style-dots\"\/>\n\n\n\n<div class=\"wp-block-group is-layout-constrained wp-block-group-is-layout-constrained\" style=\"margin-top:var(--wp--preset--spacing--50);margin-bottom:var(--wp--preset--spacing--50)\">\n<h2 class=\"wp-block-heading has-text-align-center has-ti-accent-secondary-color has-text-color has-link-color wp-elements-572bc68a95f29a8a080e52873d884725\">Me contacter<\/h2>\n\n\n\n<p class=\"has-text-align-center\">Ecrivez-moi et je vous r\u00e9pondrai sans attendre !<\/p>\n\n\n\n<p class=\"has-text-align-center\"><a href=\"mailto:tioneb54@hotmail.com\">tioneb54@hotmail.com<\/a><\/p>\n\n\n\n<figure class=\"wp-block-image aligncenter size-full\"><a href=\"hhttps:\/\/www.facebook.com\/profile.php?id=61586694616375&amp;locale=fr_FR\"><img loading=\"lazy\" decoding=\"async\" width=\"29\" height=\"29\" src=\"https:\/\/lesvoyagesavelodebenoit.fr\/wp-content\/uploads\/2025\/12\/FB_bleu.png\" alt=\"\" class=\"wp-image-240\"\/><\/a><\/figure>\n<\/div>\n\n\n\n<hr class=\"wp-block-separator has-text-color has-ti-accent-secondary-color has-alpha-channel-opacity has-ti-accent-secondary-background-color has-background is-style-dots\"\/>\n\n\n\n<div class=\"wp-block-group is-layout-constrained wp-block-group-is-layout-constrained\" style=\"margin-top:var(--wp--preset--spacing--50);margin-bottom:var(--wp--preset--spacing--50)\">\n<h2 class=\"wp-block-heading has-text-align-center has-ti-accent-secondary-color has-text-color has-link-color wp-elements-ac9f9b8bb26588473ee17791bb3d5daf\">Me soutenir<\/h2>\n\n\n\n<p class=\"has-text-align-center\">Je vous partage sur mon site ma passion pour les voyages \u00e0 v\u00e9lo.<br>Si vous voulez participer aux frais de cr\u00e9ation et d&rsquo;h\u00e9bergement de mon site, vous \u00eates les bienvenus et je vous en remercie d&rsquo;avance.<\/p>\n\n\n\n<figure class=\"wp-block-image aligncenter size-full is-resized\"><a href=\"https:\/\/buymeacoffee.com\/lesvoyagesavelodebenoit\"><img loading=\"lazy\" decoding=\"async\" width=\"750\" height=\"226\" src=\"https:\/\/lesvoyagesavelodebenoit.fr\/wp-content\/uploads\/2026\/02\/Logo_buy-me-a-coffee7219-1.png\" alt=\"\" class=\"wp-image-2120\" style=\"aspect-ratio:3.318627047493621;width:358px;height:auto\" srcset=\"https:\/\/lesvoyagesavelodebenoit.fr\/wp-content\/uploads\/2026\/02\/Logo_buy-me-a-coffee7219-1.png 750w, https:\/\/lesvoyagesavelodebenoit.fr\/wp-content\/uploads\/2026\/02\/Logo_buy-me-a-coffee7219-1-300x90.png 300w, https:\/\/lesvoyagesavelodebenoit.fr\/wp-content\/uploads\/2026\/02\/Logo_buy-me-a-coffee7219-1-500x151.png 500w\" sizes=\"auto, (max-width: 750px) 100vw, 750px\" \/><\/a><\/figure>\n\n\n\n<div class=\"wp-block-buttons is-content-justification-center is-layout-flex wp-container-core-buttons-is-layout-a89b3969 wp-block-buttons-is-layout-flex\">\n<div class=\"wp-block-button\"><a class=\"wp-block-button__link wp-element-button\" href=\"https:\/\/buymeacoffee.com\/lesvoyagesavelodebenoit\">ME SOUTENIR<\/a><\/div>\n<\/div>\n<\/div>\n","protected":false},"excerpt":{"rendered":"<p>J\u2019ai cr\u00e9\u00e9 ce site pour partager mes exp\u00e9riences de voyages \u00e0 v\u00e9lo et vous donner un maximum d\u2019informations et de conseils pour que vous fassiez \u00e0 votre tour, tout ou partie de ces voyages. Attention cependant car le risque est de vous spoiler \u00e0 trop vous en dire ou \u00e0 trop vous en montrer notamment [&hellip;]<\/p>\n","protected":false},"author":1,"featured_media":1021,"parent":0,"menu_order":0,"comment_status":"closed","ping_status":"closed","template":"","meta":{"_vp_format_video_url":"","_vp_image_focal_point":[],"footnotes":""},"class_list":["post-34","page","type-page","status-publish","has-post-thumbnail","hentry"],"_links":{"self":[{"href":"https:\/\/lesvoyagesavelodebenoit.fr\/index.php\/wp-json\/wp\/v2\/pages\/34","targetHints":{"allow":["GET"]}}],"collection":[{"href":"https:\/\/lesvoyagesavelodebenoit.fr\/index.php\/wp-json\/wp\/v2\/pages"}],"about":[{"href":"https:\/\/lesvoyagesavelodebenoit.fr\/index.php\/wp-json\/wp\/v2\/types\/page"}],"author":[{"embeddable":true,"href":"https:\/\/lesvoyagesavelodebenoit.fr\/index.php\/wp-json\/wp\/v2\/users\/1"}],"replies":[{"embeddable":true,"href":"https:\/\/lesvoyagesavelodebenoit.fr\/index.php\/wp-json\/wp\/v2\/comments?post=34"}],"version-history":[{"count":26,"href":"https:\/\/lesvoyagesavelodebenoit.fr\/index.php\/wp-json\/wp\/v2\/pages\/34\/revisions"}],"predecessor-version":[{"id":2122,"href":"https:\/\/lesvoyagesavelodebenoit.fr\/index.php\/wp-json\/wp\/v2\/pages\/34\/revisions\/2122"}],"wp:featuredmedia":[{"embeddable":true,"href":"https:\/\/lesvoyagesavelodebenoit.fr\/index.php\/wp-json\/wp\/v2\/media\/1021"}],"wp:attachment":[{"href":"https:\/\/lesvoyagesavelodebenoit.fr\/index.php\/wp-json\/wp\/v2\/media?parent=34"}],"curies":[{"name":"wp","href":"https:\/\/api.w.org\/{rel}","templated":true}]}}