{"id":3,"date":"2025-11-27T14:38:36","date_gmt":"2025-11-27T14:38:36","guid":{"rendered":"http:\/\/lesvoyagesavelodebenoit.fr\/?page_id=3"},"modified":"2025-12-17T16:47:55","modified_gmt":"2025-12-17T16:47:55","slug":"privacy-policy","status":"publish","type":"page","link":"https:\/\/lesvoyagesavelodebenoit.fr\/index.php\/privacy-policy\/","title":{"rendered":"Politique de confidentialit\u00e9"},"content":{"rendered":"\n<h2 class=\"wp-block-heading\">Traitement des donn\u00e9es en lien avec Google Analytics<\/h2>\n\n\n\n<p>Ce site utilise Google Analytics, un service d\u2019analyse web fourni par Google Ireland Limited. Si l\u2019organe responsable du traitement des donn\u00e9es recueillies par ce site est bas\u00e9 hors de l\u2019Espace \u00e9conomique europ\u00e9en et de la Suisse, alors le traitement des donn\u00e9es associ\u00e9es \u00e0 Google Analytics sera effectu\u00e9 par Google LLC (dont le si\u00e8ge est aux \u00c9tats-Unis). Google Ireland Limited et Google LLC sont d\u00e9nomm\u00e9s ci-apr\u00e8s \u00ab Google \u00bb.<br><br>Google Analytics utilise des \u00ab cookies \u00bb, des fichiers textes enregistr\u00e9s sur l\u2019ordinateur du visiteur du site, pour permettre l\u2019analyse de l\u2019utilisation du site par ce dernier. Les informations g\u00e9n\u00e9r\u00e9es par le cookie (y compris l\u2019adresse IP tronqu\u00e9e) sur l\u2019utilisation du site web sont g\u00e9n\u00e9ralement transmises \u00e0 et stock\u00e9es par Google.<br><br>Au nom de l\u2019op\u00e9rateur du site, Google utilisera les informations collect\u00e9es pour \u00e9valuer l\u2019utilisation du site, compiler des rapports sur l\u2019activit\u00e9 du site et fournir d\u2019autres services li\u00e9s au site web et \u00e0 internet \u00e0 l\u2019op\u00e9rateur du site (art. 6, 1. f, RGPD). L\u2019int\u00e9r\u00eat l\u00e9gitime dans le traitement des donn\u00e9es se trouve dans l\u2019optimisation de ce site, l\u2019analyse de l\u2019utilisation du site et l\u2019adaptation du contenu. L\u2019int\u00e9r\u00eat des utilisateurs est ad\u00e9quatement prot\u00e9g\u00e9 par la pseudonymisation de leurs donn\u00e9es.<br><br>Google LLC garantit un niveau de protection ad\u00e9quat des donn\u00e9es sur la base de clauses contractuelles types europ\u00e9ennes. Les donn\u00e9es envoy\u00e9es et coupl\u00e9es aux cookies de Google Analytics, comme l\u2019ID de l\u2019utilisateur ou les ID publicitaires, seront automatiquement effac\u00e9s apr\u00e8s 50 mois. La suppression des donn\u00e9es qui ont atteint la date limite de conservation est effectu\u00e9e automatiquement une fois par mois.<br><br>Le visiteur du site peut refuser l\u2019utilisation de cookies en s\u00e9lectionnant le r\u00e9glage appropri\u00e9 dans le navigateur. Le visiteur du site peut aussi emp\u00eacher Google de recueillir des informations (y compris l\u2019adresse IP) via les cookies et de traiter ces informations en t\u00e9l\u00e9chargeant et installant ce plug-in dans son navigateur :&nbsp;<a href=\"http:\/\/tools.google.com\/dlpage\/gaoptout\" target=\"_blank\" rel=\"noreferrer noopener\">http:\/\/tools.google.com\/dlpage\/gaoptout<\/a>.<br><br>Le visiteur du site peut emp\u00eacher la collecte des donn\u00e9es par Google Analytics en cliquant sur ce&nbsp;<a href=\"javascript: gaOptOut([&quot;UA-24230418-118&quot;]);\">lien<\/a>. Un \u00ab&nbsp;cookie d\u2019opt-out&nbsp;\u00bb sera alors plac\u00e9 et permettra au visiteur du site de ne pas \u00eatre track\u00e9 durant sa navigation du site.<br><br>Pour plus d\u2019informations sur le traitement et l\u2019utilisation des donn\u00e9es par Google, les param\u00e9trages et les possibilit\u00e9s de d\u00e9sactivation, veuillez consulter la politique de confidentialit\u00e9 de Google (<a href=\"https:\/\/policies.google.com\/privacy\" target=\"_blank\" rel=\"noreferrer noopener\">https:\/\/policies.google.com\/privacy<\/a>) ainsi que les param\u00e8tres de Google Ads (<a href=\"https:\/\/adssettings.google.com\/authenticated\" target=\"_blank\" rel=\"noreferrer noopener\">https:\/\/adssettings.google.com\/authenticated<\/a>).<\/p>\n\n\n\n<h2 class=\"wp-block-heading\">reCAPTCHA<\/h2>\n\n\n\n<p>Nous utilisons le service reCAPTCHA de Google LLC (Google) pour prot\u00e9ger les entr\u00e9es des formulaires. Ce service est utilis\u00e9 pour diff\u00e9rencier les entr\u00e9es faites par un \u00eatre humain des abus automatis\u00e9s. Cela implique l\u2019envoi de l\u2019adresse IP et \u00e9ventuellement d\u2019autres donn\u00e9es requises par Google pour le service reCAPTCHA. \u00c0 cette fin, vos donn\u00e9es seront communiqu\u00e9es \u00e0 Google et utilis\u00e9es par leurs services. Toutefois, votre adresse IP sera pr\u00e9alablement raccourcie par Google dans les \u00c9tats membres de l\u2019Union europ\u00e9enne \u2013 ou dans d\u2019autres \u00c9tats qui font partie de l\u2019accord sur l\u2019Espace \u00e9conomique europ\u00e9en \u2013 et sera ainsi anonyme. Dans certains cas exceptionnels, votre adresse IP compl\u00e8te sera transmise \u00e0 un serveur de Google aux \u00c9tats-Unis et raccourcie ensuite. Au nom de l\u2019exploitant de ce site web, Google utilisera ces informations pour \u00e9valuer votre utilisation de ce service. L\u2019adresse IP fournie par reCAPTCHA par votre navigateur ne sera pas fusionn\u00e9e avec d\u2019autres donn\u00e9es de Google. Cette collection des donn\u00e9es est sujette \u00e0 la Politique de confidentialit\u00e9 de Google. Pour plus d\u2019informations concernant la politique de confidentialit\u00e9 de Google, rendez-vous sur la page :&nbsp;<a href=\"https:\/\/policies.google.com\/privacy?hl=fr\" target=\"_blank\" rel=\"noreferrer noopener\">https:\/\/policies.google.com\/privacy?hl=fr<\/a><br>En utilisant le service reCAPTCHA, vous consentez au traitement des donn\u00e9es vous concernant par Google, de la mani\u00e8re et aux fins \u00e9nonc\u00e9es ci-dessus.<\/p>\n","protected":false},"excerpt":{"rendered":"<p>Traitement des donn\u00e9es en lien avec Google Analytics Ce site utilise Google Analytics, un service d\u2019analyse web fourni par Google Ireland Limited. Si l\u2019organe responsable du traitement des donn\u00e9es recueillies par ce site est bas\u00e9 hors de l\u2019Espace \u00e9conomique europ\u00e9en et de la Suisse, alors le traitement des donn\u00e9es associ\u00e9es \u00e0 Google Analytics sera effectu\u00e9 [&hellip;]<\/p>\n","protected":false},"author":1,"featured_media":0,"parent":0,"menu_order":0,"comment_status":"closed","ping_status":"open","template":"","meta":{"_vp_format_video_url":"","_vp_image_focal_point":[],"footnotes":""},"class_list":["post-3","page","type-page","status-publish","hentry"],"_links":{"self":[{"href":"https:\/\/lesvoyagesavelodebenoit.fr\/index.php\/wp-json\/wp\/v2\/pages\/3","targetHints":{"allow":["GET"]}}],"collection":[{"href":"https:\/\/lesvoyagesavelodebenoit.fr\/index.php\/wp-json\/wp\/v2\/pages"}],"about":[{"href":"https:\/\/lesvoyagesavelodebenoit.fr\/index.php\/wp-json\/wp\/v2\/types\/page"}],"author":[{"embeddable":true,"href":"https:\/\/lesvoyagesavelodebenoit.fr\/index.php\/wp-json\/wp\/v2\/users\/1"}],"replies":[{"embeddable":true,"href":"https:\/\/lesvoyagesavelodebenoit.fr\/index.php\/wp-json\/wp\/v2\/comments?post=3"}],"version-history":[{"count":1,"href":"https:\/\/lesvoyagesavelodebenoit.fr\/index.php\/wp-json\/wp\/v2\/pages\/3\/revisions"}],"predecessor-version":[{"id":325,"href":"https:\/\/lesvoyagesavelodebenoit.fr\/index.php\/wp-json\/wp\/v2\/pages\/3\/revisions\/325"}],"wp:attachment":[{"href":"https:\/\/lesvoyagesavelodebenoit.fr\/index.php\/wp-json\/wp\/v2\/media?parent=3"}],"curies":[{"name":"wp","href":"https:\/\/api.w.org\/{rel}","templated":true}]}}