{"id":26,"date":"2025-12-01T09:07:17","date_gmt":"2025-12-01T09:07:17","guid":{"rendered":"http:\/\/lesvoyagesavelodebenoit.fr\/?page_id=26"},"modified":"2026-02-01T16:04:07","modified_gmt":"2026-02-01T16:04:07","slug":"benoit","status":"publish","type":"page","link":"https:\/\/lesvoyagesavelodebenoit.fr\/index.php\/benoit\/","title":{"rendered":"Qui suis-je ?"},"content":{"rendered":"\n<div class=\"wp-block-cover is-light has-custom-content-position is-position-center-right\"><img loading=\"lazy\" decoding=\"async\" width=\"1024\" height=\"576\" class=\"wp-block-cover__image-background wp-image-74 size-large\" alt=\"\" src=\"https:\/\/lesvoyagesavelodebenoit.fr\/wp-content\/uploads\/2025\/12\/26DF0630-6940-45D5-A0AC-52F690273717_1_201_a-1024x576.jpg\" style=\"object-position:29% 54%\" data-object-fit=\"cover\" data-object-position=\"29% 54%\" srcset=\"https:\/\/lesvoyagesavelodebenoit.fr\/wp-content\/uploads\/2025\/12\/26DF0630-6940-45D5-A0AC-52F690273717_1_201_a-1024x576.jpg 1024w, https:\/\/lesvoyagesavelodebenoit.fr\/wp-content\/uploads\/2025\/12\/26DF0630-6940-45D5-A0AC-52F690273717_1_201_a-300x169.jpg 300w, https:\/\/lesvoyagesavelodebenoit.fr\/wp-content\/uploads\/2025\/12\/26DF0630-6940-45D5-A0AC-52F690273717_1_201_a-768x432.jpg 768w, https:\/\/lesvoyagesavelodebenoit.fr\/wp-content\/uploads\/2025\/12\/26DF0630-6940-45D5-A0AC-52F690273717_1_201_a-1536x864.jpg 1536w, https:\/\/lesvoyagesavelodebenoit.fr\/wp-content\/uploads\/2025\/12\/26DF0630-6940-45D5-A0AC-52F690273717_1_201_a-2048x1152.jpg 2048w\" sizes=\"auto, (max-width: 1024px) 100vw, 1024px\" \/><span aria-hidden=\"true\" class=\"wp-block-cover__background has-ti-accent-background-color has-background-dim-0 has-background-dim\"><\/span><div class=\"wp-block-cover__inner-container is-layout-constrained wp-block-cover-is-layout-constrained\">\n<p><\/p>\n<\/div><\/div>\n\n\n\n<p>Depuis de nombreuses ann\u00e9es d\u00e9j\u00e0, le v\u00e9lo et les voyages en v\u00e9lo font partie de mes passions. Le v\u00e9lo, que ce soit le VTT, le v\u00e9lo de route ou le Gravel , est pour moi un moyen id\u00e9al de d\u00e9couvrir une r\u00e9gion, un pays.<\/p>\n\n\n\n<div class=\"wp-block-media-text is-stacked-on-mobile\"><figure class=\"wp-block-media-text__media\"><img loading=\"lazy\" decoding=\"async\" width=\"1024\" height=\"768\" src=\"https:\/\/lesvoyagesavelodebenoit.fr\/wp-content\/uploads\/2025\/12\/photo_accueil.jpeg\" alt=\"\" class=\"wp-image-18 size-full\" srcset=\"https:\/\/lesvoyagesavelodebenoit.fr\/wp-content\/uploads\/2025\/12\/photo_accueil.jpeg 1024w, https:\/\/lesvoyagesavelodebenoit.fr\/wp-content\/uploads\/2025\/12\/photo_accueil-300x225.jpeg 300w, https:\/\/lesvoyagesavelodebenoit.fr\/wp-content\/uploads\/2025\/12\/photo_accueil-768x576.jpeg 768w\" sizes=\"auto, (max-width: 1024px) 100vw, 1024px\" \/><\/figure><div class=\"wp-block-media-text__content\">\n<p>J&rsquo;ai 57 ans. Je suis c\u00e9libataire et je vis \u00e0 Rouen. Je voyage \u00e0 v\u00e9lo pendant mes cong\u00e9s soit environ 3 fois par an, d\u00e8s que les beaux jours sont de retour. Je pars en g\u00e9n\u00e9ral sur des dur\u00e9es d&rsquo;une  semaine au Printemps et d&rsquo;environ 4 semaines en \u00e9t\u00e9. Je voyage en g\u00e9n\u00e9ral seul mais il m&rsquo;est arriv\u00e9  de voyager \u00e0 deux ou en groupe. <\/p>\n<\/div><\/div>\n\n\n\n<div class=\"wp-block-media-text has-media-on-the-right is-stacked-on-mobile is-image-fill-element\"><div class=\"wp-block-media-text__content\">\n<p>Je voyage aussi bien en France qu&rsquo;\u00e0 l&rsquo;\u00e9tranger. <\/p>\n\n\n\n<p>La France est d&rsquo;une richesse incroyable pour des p\u00e9riples \u00e0 v\u00e9lo avec de plus en plus de voies vertes, de v\u00e9lo routes mais aussi avec un maillage immense de petites routes loin du trafic automobile. La France offre une multitudes de sites touristiques \u00e0 visiter, de paysages superbes et d&rsquo;une grande diversit\u00e9 de r\u00e9gions.<\/p>\n\n\n\n<p>A l&rsquo;\u00e9tranger, c&rsquo;est tout de suite la garantie d&rsquo;un grand d\u00e9paysement, de d\u00e9couverte d&rsquo;autres cultures et de gastronomie. Je parle l&rsquo;anglais et l&rsquo;espagnol, ce qui facilite forc\u00e9ment la communication. <\/p>\n<\/div><figure class=\"wp-block-media-text__media\"><img loading=\"lazy\" decoding=\"async\" width=\"1024\" height=\"576\" src=\"https:\/\/lesvoyagesavelodebenoit.fr\/wp-content\/uploads\/2025\/12\/belgique-1024x576.jpg\" alt=\"\" class=\"wp-image-79 size-full\" style=\"object-position:50% 50%\" srcset=\"https:\/\/lesvoyagesavelodebenoit.fr\/wp-content\/uploads\/2025\/12\/belgique-1024x576.jpg 1024w, https:\/\/lesvoyagesavelodebenoit.fr\/wp-content\/uploads\/2025\/12\/belgique-300x169.jpg 300w, https:\/\/lesvoyagesavelodebenoit.fr\/wp-content\/uploads\/2025\/12\/belgique-768x432.jpg 768w, https:\/\/lesvoyagesavelodebenoit.fr\/wp-content\/uploads\/2025\/12\/belgique-1536x864.jpg 1536w, https:\/\/lesvoyagesavelodebenoit.fr\/wp-content\/uploads\/2025\/12\/belgique-2048x1152.jpg 2048w\" sizes=\"auto, (max-width: 1024px) 100vw, 1024px\" \/><\/figure><\/div>\n\n\n\n<hr class=\"wp-block-separator has-text-color has-ti-accent-secondary-color has-alpha-channel-opacity has-ti-accent-secondary-background-color has-background is-style-dots\"\/>\n\n\n\n<h2 class=\"wp-block-heading has-text-align-center has-ti-accent-secondary-color has-text-color has-link-color wp-elements-24ee3027f7ac8d2f4a4afe857649b58b\">Ma philosophie du voyage<\/h2>\n\n\n\n<figure class=\"wp-block-image size-full is-resized\"><img loading=\"lazy\" decoding=\"async\" width=\"533\" height=\"300\" src=\"https:\/\/lesvoyagesavelodebenoit.fr\/wp-content\/uploads\/2025\/12\/cuba2-edited.jpg\" alt=\"\" class=\"wp-image-264\" style=\"width:960px;height:auto\" srcset=\"https:\/\/lesvoyagesavelodebenoit.fr\/wp-content\/uploads\/2025\/12\/cuba2-edited.jpg 533w, https:\/\/lesvoyagesavelodebenoit.fr\/wp-content\/uploads\/2025\/12\/cuba2-edited-300x169.jpg 300w, https:\/\/lesvoyagesavelodebenoit.fr\/wp-content\/uploads\/2025\/12\/cuba2-edited-500x281.jpg 500w\" sizes=\"auto, (max-width: 533px) 100vw, 533px\" \/><\/figure>\n\n\n\n<p><strong>Apr\u00e8s quelques premi\u00e8res petites exp\u00e9riences,<\/strong> je me suis vraiment lanc\u00e9 dans le voyage \u00e0 v\u00e9lo avec mon projet de tour complet de la France, au plus proche des c\u00f4tes et des fronti\u00e8res. Je l\u2019ai r\u00e9alis\u00e9 sur 4 ann\u00e9es, par tron\u00e7ons, en choisissant le v\u00e9lo le plus adapt\u00e9 au terrain&nbsp;: VTT pour la c\u00f4te normande et pour le Jura, v\u00e9lo de route pour le reste.&nbsp; Ensuite, en 2015, je me suis lanc\u00e9 dans mon plus long voyage et le plus \u00e9loign\u00e9 pour rejoindre San Diego depuis Vancouver le long de la Pacific Coast soit 4000km en 2 mois. Une formidable exp\u00e9rience de voyage au long court. Avec Traile, que j\u2019ai rencontr\u00e9 lors de ce voyage, nous avons ensuite roul\u00e9 \u00e0 Cuba, au Sri Lanka et en Isra\u00ebl et Jordanie.&nbsp;<\/p>\n\n\n\n<p><strong>J\u2019ai fait quelques voyages organis\u00e9s<\/strong> en l\u2019occurrence par V\u00e9lorizons. C\u2019est particuli\u00e8rement pratique pour des p\u00e9riples \u00e0 VTT et lorsque l\u2019on ne se souhaite pas \u00e0 avoir \u00e0 porter les bagages. J\u2019ai ainsi \u00e9t\u00e9 2 fois au Maroc, une fois en Cappadoce, en Espagne, en Suisse, fait une travers\u00e9e des Pr\u00e9-Alpes puis des Alpes et un Tour du Lub\u00e9ron. C\u2019est sympa de partager un voyage avec d\u2019autres personnes et c\u2019est reposant de n\u2019avoir rien \u00e0 g\u00e9rer.<\/p>\n\n\n\n<p><strong>Mais ma pr\u00e9f\u00e9rence va tout de m\u00eame \u00e0 mes voyages fait \u00e0 ma sauce et \u00e0 mon rythme.<\/strong> Il m\u2019arrive de suivre des v\u00e9loroutes bien connues&nbsp;: EV6, V\u00e9losc\u00e9nie, La Seine \u00e0 V\u00e9lo, Paris- Londres, La V\u00e9lofrancette, la V\u00e9lOccitanie, la Passa Pa\u00efs, Le Loir \u00e0 v\u00e9lo, La Loire \u00e0 V\u00e9lo, la GTMC.&nbsp; C\u2019est cool car c\u2019est l\u2019assurance de rouler en s\u00e9curit\u00e9 avec de belles choses \u00e0 voir et \u00e0 visiter. Mais j\u2019aime bien aussi construire mon propre parcours pour d\u00e9couvrir des endroits que je ne connais pas encore. Parfois le parcours est simple&nbsp;: juste faire le tour de la Sicile, de la Sardaigne ou de l\u2019Irlande. Parfois, il faut plus r\u00e9fl\u00e9chir par quels endroits passer. Je me laisse inspirer par mes lectures, d\u2019autres voyageurs ou par Komoot.<\/p>\n\n\n\n<p><strong>Et puis,<\/strong> <strong>j\u2019aime de plus en plus les voyages avec une th\u00e9matique<\/strong>. Cela rajoute un plus \u00e0 un voyage et va \u00eatre une base de sc\u00e9nario pour mon montage vid\u00e9o. Les th\u00e9matiques peuvent \u00eatre tr\u00e8s vari\u00e9es. J\u2019ai d\u2019ailleurs pr\u00e9par\u00e9 une conf\u00e9rence \u00e0 ce propos.&nbsp; Quelques exemples&nbsp;: Je suis aller de Paris \u00e0 Lille sur les traces du Paris- Roubaix. J\u2019ai suivi la Diagonale du Vide, cette partie de France particuli\u00e8rement peu peupl\u00e9e. J\u2019ai roul\u00e9 jusqu\u2019\u00e0 St Jacques de Compostelle sur les traces des p\u00e8lerins. Mon voyage a th\u00e8me le plus marquant aura \u00e9t\u00e9 de rouler de Londres jusqu\u2019\u00e0 Stockholm sur les traces du groupe ABBA.&nbsp;<\/p>\n\n\n\n<p><strong>Lorsque je serais \u00e0 la retraite<\/strong>, mes projets seront des voyages beaucoup plus longs dans des contr\u00e9es \u00e9loign\u00e9es&nbsp;: Asie du Sud, Am\u00e9rique du Sud, Afrique.<\/p>\n\n\n\n<hr class=\"wp-block-separator has-text-color has-ti-accent-secondary-color has-alpha-channel-opacity has-ti-accent-secondary-background-color has-background is-style-dots\"\/>\n\n\n\n<h2 class=\"wp-block-heading has-text-align-center has-ti-accent-secondary-color has-text-color has-link-color wp-elements-9749871289adc489c78c49cb2826706d\">Quelques chiffres<\/h2>\n\n\n\n<p>A ce jour (janvier 2026), je comptabilise <strong>55<\/strong> voyages \u00e0 v\u00e9lo allant de 2 jours \u00e0 2 mois. <strong>50650<\/strong> kilom\u00e8tres parcourus, 27000 km en France et 23000 km \u00e0 l\u2019\u00e9tranger. 660 jours sur la route et les chemins. 26 pays visit\u00e9s. Je fais 3 \u00e0 4 voyages par an.&nbsp;<\/p>\n\n\n\n<hr class=\"wp-block-separator has-text-color has-ti-accent-secondary-color has-alpha-channel-opacity has-ti-accent-secondary-background-color has-background is-style-dots\"\/>\n\n\n\n<h2 class=\"wp-block-heading has-text-align-center has-ti-accent-secondary-color has-text-color has-link-color wp-elements-31c3872d071e3be379f05357c77a315a\">Mes v\u00e9los<\/h2>\n\n\n\n<p>Mes tous premiers voyages \u00e0 v\u00e9lo ont \u00e9t\u00e9 fait fait sur des VTT, tout rigide puis suspendus. Puis j\u2019ai utilis\u00e9 mon v\u00e9lo de route, un D\u00e9cathlon, en aluminium avec fourche et triangle en carbone. Comme il n\u2019\u00e9tait pas adapt\u00e9 pour y installer des porte-bagages, j\u2019ai utilis\u00e9 une <strong>remorque mono-roue Extrawheel<\/strong>, une marque polonaise. C\u2019est la remorque la plus l\u00e9g\u00e8re du march\u00e9. Elle se clipse juste sur l\u2019axe de roue arri\u00e8re et on peut y installer 2 sacoches. J\u2019ai ainsi fait une grande partie de mon tour de France et la travers\u00e9e des USA. Ensuite, d\u00e8s que les v\u00e9los gravel sont apparus sur le march\u00e9, j\u2019ai su que c\u2019\u00e9tait le type de v\u00e9lo adapt\u00e9 \u00e0 mes besoins. Le premier \u00e9tait un Specialized Sequoia en acier mais suite \u00e0 la casse du cadre, je l\u2019ai remplac\u00e9 par un <strong>Diverge Elite E5<\/strong>, en aluminium avec freins hydraulique. Il me permet de faire aussi bien des voyages sur route avec sacoches ou du vrai gravel en bikepacking en ne changeant que les pneus. Il me sert aussi pour mes d\u00e9placements en ville et pour du v\u00e9lotaf. Derni\u00e8rement, j\u2019ai achet\u00e9 un v\u00e9lo de route <strong>Origine Axxome GTO<\/strong>, en carbone. Il est destin\u00e9 \u00e0 des sorties sur route et \u00e0 des courts voyages sur route ou bonnes pistes en bikepacking.<\/p>\n\n\n\n<figure class=\"wp-block-gallery has-nested-images columns-default is-cropped wp-block-gallery-1 is-layout-flex wp-block-gallery-is-layout-flex\">\n<figure class=\"wp-block-image size-large\"><img loading=\"lazy\" decoding=\"async\" width=\"1024\" height=\"576\" data-id=\"105\" src=\"https:\/\/lesvoyagesavelodebenoit.fr\/wp-content\/uploads\/2025\/12\/8F71CBA5-B5FD-4F2E-9239-AD8ECE2691A2_1_201_a-1024x576.jpg\" alt=\"\" class=\"wp-image-105\" srcset=\"https:\/\/lesvoyagesavelodebenoit.fr\/wp-content\/uploads\/2025\/12\/8F71CBA5-B5FD-4F2E-9239-AD8ECE2691A2_1_201_a-1024x576.jpg 1024w, https:\/\/lesvoyagesavelodebenoit.fr\/wp-content\/uploads\/2025\/12\/8F71CBA5-B5FD-4F2E-9239-AD8ECE2691A2_1_201_a-300x169.jpg 300w, https:\/\/lesvoyagesavelodebenoit.fr\/wp-content\/uploads\/2025\/12\/8F71CBA5-B5FD-4F2E-9239-AD8ECE2691A2_1_201_a-768x432.jpg 768w, https:\/\/lesvoyagesavelodebenoit.fr\/wp-content\/uploads\/2025\/12\/8F71CBA5-B5FD-4F2E-9239-AD8ECE2691A2_1_201_a-1536x864.jpg 1536w, https:\/\/lesvoyagesavelodebenoit.fr\/wp-content\/uploads\/2025\/12\/8F71CBA5-B5FD-4F2E-9239-AD8ECE2691A2_1_201_a-2048x1152.jpg 2048w, https:\/\/lesvoyagesavelodebenoit.fr\/wp-content\/uploads\/2025\/12\/8F71CBA5-B5FD-4F2E-9239-AD8ECE2691A2_1_201_a-500x281.jpg 500w, https:\/\/lesvoyagesavelodebenoit.fr\/wp-content\/uploads\/2025\/12\/8F71CBA5-B5FD-4F2E-9239-AD8ECE2691A2_1_201_a-800x450.jpg 800w, https:\/\/lesvoyagesavelodebenoit.fr\/wp-content\/uploads\/2025\/12\/8F71CBA5-B5FD-4F2E-9239-AD8ECE2691A2_1_201_a-1280x720.jpg 1280w, https:\/\/lesvoyagesavelodebenoit.fr\/wp-content\/uploads\/2025\/12\/8F71CBA5-B5FD-4F2E-9239-AD8ECE2691A2_1_201_a-1920x1080.jpg 1920w\" sizes=\"auto, (max-width: 1024px) 100vw, 1024px\" \/><\/figure>\n\n\n\n<figure class=\"wp-block-image size-large\"><img loading=\"lazy\" decoding=\"async\" width=\"1024\" height=\"768\" data-id=\"907\" src=\"https:\/\/lesvoyagesavelodebenoit.fr\/wp-content\/uploads\/2018\/08\/Bale-Belgrade-8-1024x768.jpeg\" alt=\"\" class=\"wp-image-907\" srcset=\"https:\/\/lesvoyagesavelodebenoit.fr\/wp-content\/uploads\/2018\/08\/Bale-Belgrade-8-1024x768.jpeg 1024w, https:\/\/lesvoyagesavelodebenoit.fr\/wp-content\/uploads\/2018\/08\/Bale-Belgrade-8-300x225.jpeg 300w, https:\/\/lesvoyagesavelodebenoit.fr\/wp-content\/uploads\/2018\/08\/Bale-Belgrade-8-768x576.jpeg 768w, https:\/\/lesvoyagesavelodebenoit.fr\/wp-content\/uploads\/2018\/08\/Bale-Belgrade-8-500x375.jpeg 500w, https:\/\/lesvoyagesavelodebenoit.fr\/wp-content\/uploads\/2018\/08\/Bale-Belgrade-8-800x600.jpeg 800w, https:\/\/lesvoyagesavelodebenoit.fr\/wp-content\/uploads\/2018\/08\/Bale-Belgrade-8.jpeg 1280w\" sizes=\"auto, (max-width: 1024px) 100vw, 1024px\" \/><\/figure>\n<\/figure>\n\n\n\n<div class=\"wp-block-media-text is-stacked-on-mobile is-image-fill-element\"><figure class=\"wp-block-media-text__media\"><img loading=\"lazy\" decoding=\"async\" width=\"1024\" height=\"576\" src=\"https:\/\/lesvoyagesavelodebenoit.fr\/wp-content\/uploads\/2024\/05\/TGIF-11-1-1024x576.jpeg\" alt=\"\" class=\"wp-image-889 size-full\" style=\"object-position:50% 50%\" srcset=\"https:\/\/lesvoyagesavelodebenoit.fr\/wp-content\/uploads\/2024\/05\/TGIF-11-1-1024x576.jpeg 1024w, https:\/\/lesvoyagesavelodebenoit.fr\/wp-content\/uploads\/2024\/05\/TGIF-11-1-300x169.jpeg 300w, https:\/\/lesvoyagesavelodebenoit.fr\/wp-content\/uploads\/2024\/05\/TGIF-11-1-768x432.jpeg 768w, https:\/\/lesvoyagesavelodebenoit.fr\/wp-content\/uploads\/2024\/05\/TGIF-11-1-500x281.jpeg 500w, https:\/\/lesvoyagesavelodebenoit.fr\/wp-content\/uploads\/2024\/05\/TGIF-11-1-800x450.jpeg 800w, https:\/\/lesvoyagesavelodebenoit.fr\/wp-content\/uploads\/2024\/05\/TGIF-11-1.jpeg 1280w\" sizes=\"auto, (max-width: 1024px) 100vw, 1024px\" \/><\/figure><div class=\"wp-block-media-text__content\">\n<p><strong>Je choisis mes v\u00e9los avec un bon d\u00e9veloppement me permettant de gravir des pentes raides. <\/strong>Je pr\u00e9f\u00e8re 2 grands plateaux et la possibilit\u00e9 de monter une cassette d\u2019en moins 36 dents.&nbsp; Il faut aussi des freins puissants car avec la charge des bagages ils sont tr\u00e8s sollicit\u00e9s. J\u2019ai \u00e9t\u00e9 d\u00e9\u00e7u par des freins \u00e0 disques m\u00e9caniques. D\u00e9sormais, je roule avec des freins \u00e0 disque hydrauliques. De m\u00eame qu\u2019il faut des pneus r\u00e9sistants aux crevaisons (Schwable Marathon est une r\u00e9f\u00e9rence) et adapt\u00e9s au terrain et des jantes solides. Sur ce point, j\u2019ai eu beaucoup de d\u00e9boires de jantes cass\u00e9es et je ne suis pas sur d\u2019avoir enfin trouver une jante incassable.&nbsp;<\/p>\n<\/div><\/div>\n\n\n\n<p class=\"has-text-align-center\"><strong>Quelques id\u00e9es et conseils pour votre prochain voyage ?<\/strong><\/p>\n\n\n\n<div class=\"wp-block-buttons is-content-justification-center is-layout-flex wp-container-core-buttons-is-layout-a89b3969 wp-block-buttons-is-layout-flex\">\n<div class=\"wp-block-button\"><a class=\"wp-block-button__link has-ti-bg-color has-text-color has-link-color wp-element-button\" href=\"https:\/\/lesvoyagesavelodebenoit.fr\/index.php\/portfolio\/\" style=\"border-style:none;border-width:0px\">VOYAGES A VELO<\/a><\/div>\n\n\n\n<div class=\"wp-block-button is-style-fill\"><a class=\"wp-block-button__link has-ti-accent-color has-ti-accent-secondary-background-color has-text-color has-background has-link-color wp-element-button\" href=\"https:\/\/lesvoyagesavelodebenoit.fr\/index.php\/conseils\/\" style=\"border-style:none;border-width:0px\">CONSEILS<\/a><\/div>\n<\/div>\n","protected":false},"excerpt":{"rendered":"<p>Depuis de nombreuses ann\u00e9es d\u00e9j\u00e0, le v\u00e9lo et les voyages en v\u00e9lo font partie de mes passions. Le v\u00e9lo, que ce soit le VTT, le v\u00e9lo de route ou le Gravel , est pour moi un moyen id\u00e9al de d\u00e9couvrir une r\u00e9gion, un pays. J&rsquo;ai 57 ans. Je suis c\u00e9libataire et je vis \u00e0 Rouen. [&hellip;]<\/p>\n","protected":false},"author":1,"featured_media":0,"parent":0,"menu_order":0,"comment_status":"closed","ping_status":"closed","template":"","meta":{"_vp_format_video_url":"","_vp_image_focal_point":[],"footnotes":""},"class_list":["post-26","page","type-page","status-publish","hentry"],"_links":{"self":[{"href":"https:\/\/lesvoyagesavelodebenoit.fr\/index.php\/wp-json\/wp\/v2\/pages\/26","targetHints":{"allow":["GET"]}}],"collection":[{"href":"https:\/\/lesvoyagesavelodebenoit.fr\/index.php\/wp-json\/wp\/v2\/pages"}],"about":[{"href":"https:\/\/lesvoyagesavelodebenoit.fr\/index.php\/wp-json\/wp\/v2\/types\/page"}],"author":[{"embeddable":true,"href":"https:\/\/lesvoyagesavelodebenoit.fr\/index.php\/wp-json\/wp\/v2\/users\/1"}],"replies":[{"embeddable":true,"href":"https:\/\/lesvoyagesavelodebenoit.fr\/index.php\/wp-json\/wp\/v2\/comments?post=26"}],"version-history":[{"count":22,"href":"https:\/\/lesvoyagesavelodebenoit.fr\/index.php\/wp-json\/wp\/v2\/pages\/26\/revisions"}],"predecessor-version":[{"id":1836,"href":"https:\/\/lesvoyagesavelodebenoit.fr\/index.php\/wp-json\/wp\/v2\/pages\/26\/revisions\/1836"}],"wp:attachment":[{"href":"https:\/\/lesvoyagesavelodebenoit.fr\/index.php\/wp-json\/wp\/v2\/media?parent=26"}],"curies":[{"name":"wp","href":"https:\/\/api.w.org\/{rel}","templated":true}]}}